{"id":47,"date":"2019-08-27T16:24:32","date_gmt":"2019-08-27T14:24:32","guid":{"rendered":"https:\/\/educacion.merida.gob.ve\/?page_id=47"},"modified":"2023-08-15T10:21:57","modified_gmt":"2023-08-15T14:21:57","slug":"instituciones","status":"publish","type":"page","link":"https:\/\/educacion.merida.gob.ve\/?page_id=47","title":{"rendered":"Instituciones"},"content":{"rendered":"\t\t<div data-elementor-type=\"wp-post\" data-elementor-id=\"47\" class=\"elementor elementor-47\">\n\t\t\t\t\t\t<section class=\"elementor-section elementor-top-section elementor-element elementor-element-7d3ea0e elementor-section-boxed elementor-section-height-default elementor-section-height-default\" data-id=\"7d3ea0e\" data-element_type=\"section\" data-settings=\"{&quot;background_background&quot;:&quot;classic&quot;}\">\n\t\t\t\t\t\t\t<div class=\"elementor-background-overlay\"><\/div>\n\t\t\t\t\t\t\t<div class=\"elementor-container elementor-column-gap-default\">\n\t\t\t\t\t<div class=\"elementor-column elementor-col-100 elementor-top-column elementor-element elementor-element-ad6670d\" data-id=\"ad6670d\" data-element_type=\"column\">\n\t\t\t<div class=\"elementor-widget-wrap elementor-element-populated\">\n\t\t\t\t\t\t<div class=\"elementor-element elementor-element-06caeda elementor-widget elementor-widget-heading\" data-id=\"06caeda\" data-element_type=\"widget\" data-widget_type=\"heading.default\">\n\t\t\t\t<div class=\"elementor-widget-container\">\n\t\t\t<h1 class=\"elementor-heading-title elementor-size-default\">Instituciones Educativas Adscritas<\/h1>\t\t<\/div>\n\t\t\t\t<\/div>\n\t\t\t\t\t<\/div>\n\t\t<\/div>\n\t\t\t\t\t<\/div>\n\t\t<\/section>\n\t\t\t\t<section class=\"elementor-section elementor-top-section elementor-element elementor-element-eacf7dc elementor-section-boxed elementor-section-height-default elementor-section-height-default\" data-id=\"eacf7dc\" data-element_type=\"section\" data-settings=\"{&quot;background_background&quot;:&quot;gradient&quot;}\">\n\t\t\t\t\t\t<div class=\"elementor-container elementor-column-gap-default\">\n\t\t\t\t\t<div class=\"elementor-column elementor-col-100 elementor-top-column elementor-element elementor-element-e652e13\" data-id=\"e652e13\" data-element_type=\"column\">\n\t\t\t<div class=\"elementor-widget-wrap elementor-element-populated\">\n\t\t\t\t\t\t<div class=\"elementor-element elementor-element-a760032 elementor-widget elementor-widget-text-editor\" data-id=\"a760032\" data-element_type=\"widget\" data-widget_type=\"text-editor.default\">\n\t\t\t\t<div class=\"elementor-widget-container\">\n\t\t\t\t\t\t\t<p>A\u00f1o Escolar Todos los Municipios<\/p>\t\t\t\t\t\t<\/div>\n\t\t\t\t<\/div>\n\t\t\t\t<section class=\"elementor-section elementor-inner-section elementor-element elementor-element-1f7762b elementor-section-boxed elementor-section-height-default elementor-section-height-default\" data-id=\"1f7762b\" data-element_type=\"section\">\n\t\t\t\t\t\t<div class=\"elementor-container elementor-column-gap-default\">\n\t\t\t\t\t<div class=\"elementor-column elementor-col-50 elementor-inner-column elementor-element elementor-element-79702ee\" data-id=\"79702ee\" data-element_type=\"column\" data-settings=\"{&quot;background_background&quot;:&quot;classic&quot;}\">\n\t\t\t<div class=\"elementor-widget-wrap elementor-element-populated\">\n\t\t\t\t\t\t<div class=\"elementor-element elementor-element-7c6e830 elementor-widget elementor-widget-accordion\" data-id=\"7c6e830\" data-element_type=\"widget\" data-widget_type=\"accordion.default\">\n\t\t\t\t<div class=\"elementor-widget-container\">\n\t\t\t\t\t<div class=\"elementor-accordion\">\n\t\t\t\t\t\t\t<div class=\"elementor-accordion-item\">\n\t\t\t\t\t<div id=\"elementor-tab-title-1301\" class=\"elementor-tab-title\" data-tab=\"1\" role=\"button\" aria-controls=\"elementor-tab-content-1301\" aria-expanded=\"false\">\n\t\t\t\t\t\t\t\t\t\t\t\t\t<span class=\"elementor-accordion-icon elementor-accordion-icon-left\" aria-hidden=\"true\">\n\t\t\t\t\t\t\t\t\t\t\t\t\t\t\t<span class=\"elementor-accordion-icon-closed\"><i class=\"fas fa-angle-right\"><\/i><\/span>\n\t\t\t\t\t\t\t\t<span class=\"elementor-accordion-icon-opened\"><i class=\"fas fa-angle-down\"><\/i><\/span>\n\t\t\t\t\t\t\t\t\t\t\t\t\t\t<\/span>\n\t\t\t\t\t\t\t\t\t\t\t\t<a class=\"elementor-accordion-title\" tabindex=\"0\">Educaci\u00f3n B\u00e1sica<\/a>\n\t\t\t\t\t<\/div>\n\t\t\t\t\t<div id=\"elementor-tab-content-1301\" class=\"elementor-tab-content elementor-clearfix\" data-tab=\"1\" role=\"region\" aria-labelledby=\"elementor-tab-title-1301\"><p><a href=\"https:\/\/educacion.merida.gob.ve\/wp-content\/uploads\/2019\/08\/EBAlbertoAdriani.pdf\" target=\"_blank\" rel=\"noopener\">Alberto Adriani<\/a><br \/><a href=\"https:\/\/educacion.merida.gob.ve\/wp-content\/uploads\/2019\/08\/EBAndresBello.pdf\" target=\"_blank\" rel=\"noopener\">Andres Bello<\/a><br \/><a href=\"https:\/\/educacion.merida.gob.ve\/wp-content\/uploads\/2019\/08\/EBAntonioPintoSalinas.pdf\" target=\"_blank\" rel=\"noopener\">Antonio Pinto Salinas<\/a><br \/><a href=\"https:\/\/educacion.merida.gob.ve\/wp-content\/uploads\/2019\/08\/EBAricagua.pdf\" target=\"_blank\" rel=\"noopener\">Aricagua<\/a><br \/><a href=\"https:\/\/educacion.merida.gob.ve\/wp-content\/uploads\/2019\/08\/EBArzobispoChacon.pdf\" target=\"_blank\" rel=\"noopener\">Arzobispo Chac\u00f3n<\/a><br \/><a href=\"https:\/\/educacion.merida.gob.ve\/wp-content\/uploads\/2019\/08\/EBCampoElias.pdf\" target=\"_blank\" rel=\"noopener\">Campo El\u00edas<\/a><br \/><a href=\"https:\/\/educacion.merida.gob.ve\/wp-content\/uploads\/2019\/08\/EBCaraccioloParraYOlmedo.pdf\" target=\"_blank\" rel=\"noopener\">Caracciolo Parra y Olmedo<\/a><br \/><a href=\"https:\/\/educacion.merida.gob.ve\/wp-content\/uploads\/2019\/08\/EBCardenalQuintero.pdf\" target=\"_blank\" rel=\"noopener\">Cardenal Quintero<\/a><br \/><a href=\"https:\/\/educacion.merida.gob.ve\/wp-content\/uploads\/2019\/08\/EBGuaraque.pdf\" target=\"_blank\" rel=\"noopener\">Guaraque<\/a><br \/><a href=\"https:\/\/educacion.merida.gob.ve\/wp-content\/uploads\/2019\/08\/EBJulioCesarSalas.pdf\" target=\"_blank\" rel=\"noopener\">Julio Cesar Salas<\/a><br \/><a href=\"https:\/\/educacion.merida.gob.ve\/wp-content\/uploads\/2019\/08\/EBJustoBrice\u00f1o.pdf\" target=\"_blank\" rel=\"noopener\">Justo Brice\u00f1o<\/a><br \/><a href=\"https:\/\/educacion.merida.gob.ve\/wp-content\/uploads\/2019\/08\/EBLibertador.pdf\" target=\"_blank\" rel=\"noopener\">Libertador<\/a><br \/><a href=\"https:\/\/educacion.merida.gob.ve\/wp-content\/uploads\/2019\/08\/EBMiranda.pdf\" target=\"_blank\" rel=\"noopener\">Miranda<\/a><br \/><a href=\"https:\/\/educacion.merida.gob.ve\/wp-content\/uploads\/2019\/08\/EBObispoRamosdeLora.pdf\" target=\"_blank\" rel=\"noopener\">Obispo Ramos de Lora<\/a><br \/><a href=\"https:\/\/educacion.merida.gob.ve\/wp-content\/uploads\/2019\/08\/EBPadreNoguera.pdf\" target=\"_blank\" rel=\"noopener\">Padre Noguera<\/a><br \/><a href=\"https:\/\/educacion.merida.gob.ve\/wp-content\/uploads\/2019\/08\/EBPuebloLlano.pdf\" target=\"_blank\" rel=\"noopener\">Pueblo Llano<\/a><br \/><a href=\"https:\/\/educacion.merida.gob.ve\/wp-content\/uploads\/2019\/08\/EBRangel.pdf\" target=\"_blank\" rel=\"noopener\">Rangel<\/a><br \/><a href=\"https:\/\/educacion.merida.gob.ve\/wp-content\/uploads\/2019\/08\/EBRivasDavila.pdf\" target=\"_blank\" rel=\"noopener\">Rivas D\u00e1vila<\/a><br \/><a href=\"https:\/\/educacion.merida.gob.ve\/wp-content\/uploads\/2019\/08\/EBSantosMarquina.pdf\" target=\"_blank\" rel=\"noopener\">Santos Marquina<\/a><br \/><a href=\"https:\/\/educacion.merida.gob.ve\/wp-content\/uploads\/2019\/08\/EBSucre.pdf\" target=\"_blank\" rel=\"noopener\">Sucre<\/a><br \/><a href=\"https:\/\/educacion.merida.gob.ve\/wp-content\/uploads\/2019\/08\/EBTovar.pdf\" target=\"_blank\" rel=\"noopener\">Tovar<\/a><br \/><a href=\"https:\/\/educacion.merida.gob.ve\/wp-content\/uploads\/2019\/08\/EBTulioFebresCordero.pdf\" target=\"_blank\" rel=\"noopener\">Tulio Febres Cordero<\/a><br \/><a href=\"https:\/\/educacion.merida.gob.ve\/wp-content\/uploads\/2019\/08\/EBZea.pdf\" target=\"_blank\" rel=\"noopener\">Zea<\/a><\/p><\/div>\n\t\t\t\t<\/div>\n\t\t\t\t\t\t\t<div class=\"elementor-accordion-item\">\n\t\t\t\t\t<div id=\"elementor-tab-title-1302\" class=\"elementor-tab-title\" data-tab=\"2\" role=\"button\" aria-controls=\"elementor-tab-content-1302\" aria-expanded=\"false\">\n\t\t\t\t\t\t\t\t\t\t\t\t\t<span class=\"elementor-accordion-icon elementor-accordion-icon-left\" aria-hidden=\"true\">\n\t\t\t\t\t\t\t\t\t\t\t\t\t\t\t<span class=\"elementor-accordion-icon-closed\"><i class=\"fas fa-angle-right\"><\/i><\/span>\n\t\t\t\t\t\t\t\t<span class=\"elementor-accordion-icon-opened\"><i class=\"fas fa-angle-down\"><\/i><\/span>\n\t\t\t\t\t\t\t\t\t\t\t\t\t\t<\/span>\n\t\t\t\t\t\t\t\t\t\t\t\t<a class=\"elementor-accordion-title\" tabindex=\"0\">Educaci\u00f3n Media<\/a>\n\t\t\t\t\t<\/div>\n\t\t\t\t\t<div id=\"elementor-tab-content-1302\" class=\"elementor-tab-content elementor-clearfix\" data-tab=\"2\" role=\"region\" aria-labelledby=\"elementor-tab-title-1302\"><p><a href=\"https:\/\/educacion.merida.gob.ve\/wp-content\/uploads\/2019\/08\/EMAlbertoAdriani.pdf\" target=\"_blank\" rel=\"noopener\">Alberto Adriani<\/a><br \/><a href=\"https:\/\/educacion.merida.gob.ve\/wp-content\/uploads\/2019\/08\/EMAndresBello.pdf\" target=\"_blank\" rel=\"noopener\">Andres Bello<\/a><br \/><a href=\"https:\/\/educacion.merida.gob.ve\/wp-content\/uploads\/2019\/08\/EMArzobispoChacon.pdf\" target=\"_blank\" rel=\"noopener\">Arzobispo Chac\u00f3n<\/a><br \/><a href=\"https:\/\/educacion.merida.gob.ve\/wp-content\/uploads\/2019\/08\/EMCaraccioloParrayOlmedo.pdf\" target=\"_blank\" rel=\"noopener\">Caracciolo Parra y Olmedo<\/a><br \/><a href=\"https:\/\/educacion.merida.gob.ve\/wp-content\/uploads\/2019\/08\/EMJulioCesarSalas.pdf\" target=\"_blank\" rel=\"noopener\">Julio Cesar Salas<\/a><br \/><a href=\"https:\/\/educacion.merida.gob.ve\/wp-content\/uploads\/2019\/08\/EMJustoBrice\u00f1o.pdf\" target=\"_blank\" rel=\"noopener\">Justo Brice\u00f1o<\/a><br \/><a href=\"https:\/\/educacion.merida.gob.ve\/wp-content\/uploads\/2019\/08\/EMLibertador.pdf\" target=\"_blank\" rel=\"noopener\">Libertador<\/a><br \/><a href=\"https:\/\/educacion.merida.gob.ve\/wp-content\/uploads\/2019\/08\/EMObispoRamosdeLora.pdf\" target=\"_blank\" rel=\"noopener\">Obispo Ramos de Lora<\/a><br \/><a href=\"https:\/\/educacion.merida.gob.ve\/wp-content\/uploads\/2019\/08\/EMRangel.pdf\" target=\"_blank\" rel=\"noopener\">Rangel<\/a><br \/><a href=\"https:\/\/educacion.merida.gob.ve\/wp-content\/uploads\/2019\/08\/EMRivasDavila.pdf\" target=\"_blank\" rel=\"noopener\">Rivas D\u00e1vila<\/a><br \/><a href=\"https:\/\/educacion.merida.gob.ve\/wp-content\/uploads\/2019\/08\/EMSucre.pdf\" target=\"_blank\" rel=\"noopener\">Sucre<\/a><br \/><a href=\"https:\/\/educacion.merida.gob.ve\/wp-content\/uploads\/2019\/08\/EMTulioFebresCordero.pdf\" target=\"_blank\" rel=\"noopener\">Tulio Febres Cordero<\/a><\/p><\/div>\n\t\t\t\t<\/div>\n\t\t\t\t\t\t\t<div class=\"elementor-accordion-item\">\n\t\t\t\t\t<div id=\"elementor-tab-title-1303\" class=\"elementor-tab-title\" data-tab=\"3\" role=\"button\" aria-controls=\"elementor-tab-content-1303\" aria-expanded=\"false\">\n\t\t\t\t\t\t\t\t\t\t\t\t\t<span class=\"elementor-accordion-icon elementor-accordion-icon-left\" aria-hidden=\"true\">\n\t\t\t\t\t\t\t\t\t\t\t\t\t\t\t<span class=\"elementor-accordion-icon-closed\"><i class=\"fas fa-angle-right\"><\/i><\/span>\n\t\t\t\t\t\t\t\t<span class=\"elementor-accordion-icon-opened\"><i class=\"fas fa-angle-down\"><\/i><\/span>\n\t\t\t\t\t\t\t\t\t\t\t\t\t\t<\/span>\n\t\t\t\t\t\t\t\t\t\t\t\t<a class=\"elementor-accordion-title\" tabindex=\"0\">Centros de Capacitacion de Artes y Oficio - Centro de Educacion Basica de Adultos<\/a>\n\t\t\t\t\t<\/div>\n\t\t\t\t\t<div id=\"elementor-tab-content-1303\" class=\"elementor-tab-content elementor-clearfix\" data-tab=\"3\" role=\"region\" aria-labelledby=\"elementor-tab-title-1303\"><p><a href=\"https:\/\/educacion.merida.gob.ve\/wp-content\/uploads\/2019\/08\/CCAlbertoAdriani.pdf\" target=\"_blank\" rel=\"noopener\">Alberto Adriani<\/a><br \/><a href=\"https:\/\/educacion.merida.gob.ve\/wp-content\/uploads\/2019\/08\/CCAndresBello.pdf\" target=\"_blank\" rel=\"noopener\">Andres Bello<\/a><br \/><a href=\"https:\/\/educacion.merida.gob.ve\/wp-content\/uploads\/2019\/08\/CCAntonioPintoSalinas.pdf\" target=\"_blank\" rel=\"noopener\">Antonio Pinto Salinas<\/a><br \/><a href=\"https:\/\/educacion.merida.gob.ve\/wp-content\/uploads\/2019\/08\/CCArzobispoChacon.pdf\" target=\"_blank\" rel=\"noopener\">Arzobispo Chac\u00f3n<\/a><br \/><a href=\"https:\/\/educacion.merida.gob.ve\/wp-content\/uploads\/2019\/08\/CCCampoElias.pdf\" target=\"_blank\" rel=\"noopener\">Campo El\u00edas<\/a><br \/><a href=\"https:\/\/educacion.merida.gob.ve\/wp-content\/uploads\/2019\/08\/CCCaraccioloParrayOlmedo.pdf\" target=\"_blank\" rel=\"noopener\">Caracciolo Parra y Olmedo<\/a><br \/><a href=\"https:\/\/educacion.merida.gob.ve\/wp-content\/uploads\/2019\/08\/CCLibertador.pdf\" target=\"_blank\" rel=\"noopener\">Libertador<\/a><br \/><a href=\"https:\/\/educacion.merida.gob.ve\/wp-content\/uploads\/2019\/08\/CCMiranda.pdf\" target=\"_blank\" rel=\"noopener\">Miranda<\/a><br \/><a href=\"https:\/\/educacion.merida.gob.ve\/wp-content\/uploads\/2019\/08\/CCObispoRamosdeLora.pdf\" target=\"_blank\" rel=\"noopener\">Obispo Ramos de Lora<\/a><br \/><a href=\"https:\/\/educacion.merida.gob.ve\/wp-content\/uploads\/2019\/08\/CCRangel.pdf\" target=\"_blank\" rel=\"noopener\">Rangel<\/a><br \/><a href=\"https:\/\/educacion.merida.gob.ve\/wp-content\/uploads\/2019\/08\/CCRivasDavila.pdf\" target=\"_blank\" rel=\"noopener\">Rivas D\u00e1vila<\/a><br \/><a href=\"https:\/\/educacion.merida.gob.ve\/wp-content\/uploads\/2019\/08\/CCSucre.pdf\" target=\"_blank\" rel=\"noopener\">Sucre<\/a><br \/><a href=\"https:\/\/educacion.merida.gob.ve\/wp-content\/uploads\/2019\/08\/CCTovar.pdf\" target=\"_blank\" rel=\"noopener\">Tovar<\/a><br \/><a href=\"https:\/\/educacion.merida.gob.ve\/wp-content\/uploads\/2019\/08\/CCTulioFebresCordero.pdf\" target=\"_blank\" rel=\"noopener\">Tulio Febres Cordero<\/a><br \/><a href=\"https:\/\/educacion.merida.gob.ve\/wp-content\/uploads\/2019\/08\/CCZea.pdf\" target=\"_blank\" rel=\"noopener\">Zea<\/a><\/p><\/div>\n\t\t\t\t<\/div>\n\t\t\t\t\t\t\t\t<\/div>\n\t\t\t\t<\/div>\n\t\t\t\t<\/div>\n\t\t\t\t\t<\/div>\n\t\t<\/div>\n\t\t\t\t<div class=\"elementor-column elementor-col-50 elementor-inner-column elementor-element elementor-element-95ae199\" data-id=\"95ae199\" data-element_type=\"column\">\n\t\t\t<div class=\"elementor-widget-wrap elementor-element-populated\">\n\t\t\t\t\t\t<div class=\"elementor-element elementor-element-3bc19d9 elementor-widget elementor-widget-image\" data-id=\"3bc19d9\" data-element_type=\"widget\" data-widget_type=\"image.default\">\n\t\t\t\t<div class=\"elementor-widget-container\">\n\t\t\t\t\t\t\t\t\t\t\t\t\t<img decoding=\"async\" src=\"https:\/\/educacion.merida.gob.ve\/wp-content\/uploads\/2019\/08\/Img1.png\" title=\"\" alt=\"\" loading=\"lazy\" \/>\t\t\t\t\t\t\t\t\t\t\t\t\t<\/div>\n\t\t\t\t<\/div>\n\t\t\t\t\t<\/div>\n\t\t<\/div>\n\t\t\t\t\t<\/div>\n\t\t<\/section>\n\t\t\t\t\t<\/div>\n\t\t<\/div>\n\t\t\t\t\t<\/div>\n\t\t<\/section>\n\t\t\t\t<\/div>\n\t\t","protected":false},"excerpt":{"rendered":"<p>Instituciones Educativas Adscritas A\u00f1o Escolar Todos los Municipios Educaci\u00f3n B\u00e1sica Alberto AdrianiAndres BelloAntonio Pinto SalinasAricaguaArzobispo Chac\u00f3nCampo El\u00edasCaracciolo Parra y OlmedoCardenal QuinteroGuaraqueJulio Cesar SalasJusto Brice\u00f1oLibertadorMirandaObispo Ramos de LoraPadre NogueraPueblo LlanoRangelRivas D\u00e1vilaSantos MarquinaSucreTovarTulio Febres CorderoZea Educaci\u00f3n Media Alberto AdrianiAndres BelloArzobispo Chac\u00f3nCaracciolo Parra y OlmedoJulio Cesar SalasJusto Brice\u00f1oLibertadorObispo Ramos de LoraRangelRivas D\u00e1vilaSucreTulio Febres Cordero Centros de Capacitacion de [&hellip;]<\/p>\n","protected":false},"author":3,"featured_media":0,"parent":0,"menu_order":0,"comment_status":"closed","ping_status":"closed","template":"","meta":{"sfsi_plus_gutenberg_text_before_share":"","sfsi_plus_gutenberg_show_text_before_share":"","sfsi_plus_gutenberg_icon_type":"","sfsi_plus_gutenberg_icon_alignemt":"","sfsi_plus_gutenburg_max_per_row":"","site-sidebar-layout":"no-sidebar","site-content-layout":"page-builder","ast-site-content-layout":"","site-content-style":"default","site-sidebar-style":"default","ast-global-header-display":"","ast-banner-title-visibility":"","ast-main-header-display":"","ast-hfb-above-header-display":"","ast-hfb-below-header-display":"","ast-hfb-mobile-header-display":"","site-post-title":"disabled","ast-breadcrumbs-content":"","ast-featured-img":"disabled","footer-sml-layout":"","theme-transparent-header-meta":"default","adv-header-id-meta":"","stick-header-meta":"","header-above-stick-meta":"","header-main-stick-meta":"","header-below-stick-meta":"","astra-migrate-meta-layouts":"default","ast-page-background-enabled":"default","ast-page-background-meta":{"desktop":{"background-color":"","background-image":"","background-repeat":"repeat","background-position":"center center","background-size":"auto","background-attachment":"scroll","background-type":"","background-media":"","overlay-type":"","overlay-color":"","overlay-opacity":"","overlay-gradient":""},"tablet":{"background-color":"","background-image":"","background-repeat":"repeat","background-position":"center center","background-size":"auto","background-attachment":"scroll","background-type":"","background-media":"","overlay-type":"","overlay-color":"","overlay-opacity":"","overlay-gradient":""},"mobile":{"background-color":"","background-image":"","background-repeat":"repeat","background-position":"center center","background-size":"auto","background-attachment":"scroll","background-type":"","background-media":"","overlay-type":"","overlay-color":"","overlay-opacity":"","overlay-gradient":""}},"ast-content-background-meta":{"desktop":{"background-color":"var(--ast-global-color-5)","background-image":"","background-repeat":"repeat","background-position":"center center","background-size":"auto","background-attachment":"scroll","background-type":"","background-media":"","overlay-type":"","overlay-color":"","overlay-opacity":"","overlay-gradient":""},"tablet":{"background-color":"var(--ast-global-color-5)","background-image":"","background-repeat":"repeat","background-position":"center center","background-size":"auto","background-attachment":"scroll","background-type":"","background-media":"","overlay-type":"","overlay-color":"","overlay-opacity":"","overlay-gradient":""},"mobile":{"background-color":"var(--ast-global-color-5)","background-image":"","background-repeat":"repeat","background-position":"center center","background-size":"auto","background-attachment":"scroll","background-type":"","background-media":"","overlay-type":"","overlay-color":"","overlay-opacity":"","overlay-gradient":""}}},"_links":{"self":[{"href":"https:\/\/educacion.merida.gob.ve\/index.php?rest_route=\/wp\/v2\/pages\/47"}],"collection":[{"href":"https:\/\/educacion.merida.gob.ve\/index.php?rest_route=\/wp\/v2\/pages"}],"about":[{"href":"https:\/\/educacion.merida.gob.ve\/index.php?rest_route=\/wp\/v2\/types\/page"}],"author":[{"embeddable":true,"href":"https:\/\/educacion.merida.gob.ve\/index.php?rest_route=\/wp\/v2\/users\/3"}],"replies":[{"embeddable":true,"href":"https:\/\/educacion.merida.gob.ve\/index.php?rest_route=%2Fwp%2Fv2%2Fcomments&post=47"}],"version-history":[{"count":14,"href":"https:\/\/educacion.merida.gob.ve\/index.php?rest_route=\/wp\/v2\/pages\/47\/revisions"}],"predecessor-version":[{"id":735,"href":"https:\/\/educacion.merida.gob.ve\/index.php?rest_route=\/wp\/v2\/pages\/47\/revisions\/735"}],"wp:attachment":[{"href":"https:\/\/educacion.merida.gob.ve\/index.php?rest_route=%2Fwp%2Fv2%2Fmedia&parent=47"}],"curies":[{"name":"wp","href":"https:\/\/api.w.org\/{rel}","templated":true}]}}